{"id":7,"date":"2024-07-25T09:19:14","date_gmt":"2024-07-25T09:19:14","guid":{"rendered":"https:\/\/treudden.svennelid.se\/?page_id=7"},"modified":"2024-07-26T13:54:09","modified_gmt":"2024-07-26T11:54:09","slug":"bokning","status":"publish","type":"page","link":"https:\/\/treudden.svennelid.se\/index.php\/bokning\/","title":{"rendered":"Bokning"},"content":{"rendered":"\n<p>H\u00e4r kan du boka f\u00f6reningens tv\u00e4ttstuga och g\u00e4stl\u00e4genhet.<\/p>\n\n\n<script>var ea_settings = {\"trans.service\":\"Tj\\u00e4nst\",\"trans.location\":\"Plats\",\"trans.worker\":\"Utf\\u00f6rare\",\"trans.done_message\":\"Bokningen genomf\\u00f6rd! Du erh\\u00e5ller strax en bekr\\u00e4ftelse i din e-post.\",\"time_format\":\"HH:mm\",\"trans.currency\":\"SEK\",\"price.hide\":\"1\",\"price.hide.service\":\"0\",\"datepicker\":\"sv\",\"form.label.above\":\"0\",\"show.iagree\":\"0\",\"cancel.scroll\":\"calendar\",\"compatibility.mode\":\"0\",\"css.off\":\"0\",\"submit.redirect\":\"\",\"advance.redirect\":\"[]\",\"advance_cancel.redirect\":\"[]\",\"block.time\":\"0\",\"max.appointments\":\"5\",\"pre.reservation\":\"1\",\"currency.before\":\"0\",\"gdpr.on\":\"0\",\"gdpr.label\":\"By using this form you agree with the storage and handling of your data by this website.\",\"gdpr.link\":\"\",\"gdpr.message\":\"You need to accept the privacy checkbox\",\"sort.workers-by\":null,\"sort.services-by\":null,\"sort.locations-by\":null,\"order.workers-by\":null,\"order.services-by\":null,\"order.locations-by\":null,\"captcha.site-key\":\"\",\"captcha3.site-key\":\"\",\"label.from_to\":\"0\",\"check\":\"588bcd023e\",\"scroll_off\":false,\"start_of_week\":\"1\",\"default_date\":\"2026-04-19\",\"min_date\":null,\"max_date\":null,\"show_remaining_slots\":\"0\",\"save_form_content\":true,\"show_week\":\"0\",\"trans.please-select-new-date\":\"V\\u00e4lj en annan dag\",\"trans.date-time\":\"Datum och tid\",\"trans.price\":\"Pris\",\"date_format\":\"YYYY-MM-DD\",\"default_datetime_format\":\"YYYY-MM-DD HH:mm\",\"trans.nonce-expired\":\"Formul\\u00e4rets valideringskod har l\\u00f6pt ut. Uppdatera sidan f\\u00f6r att forts\\u00e4tta.\",\"trans.internal-error\":\"Internt fel. F\\u00f6rs\\u00f6k igen senare.\",\"trans.ajax-call-not-available\":\"Kan inte g\\u00f6ra ajax-beg\\u00e4ran. F\\u00f6rs\\u00f6k igen senare.\"};<\/script><script>var ea_vacations = [];<\/script><style><\/style><script type=\"text\/template\" id=\"ea-appointments-overview\"> <small><%- settings['trans.overview-message'] %><\/small> <table> <tbody> <% if(settings['rtl'] == '1') { %> <% if(data.location.indexOf('_') !== 0) { %> <tr class=\"row-location\"> <td class=\"ea-label\"><%- settings['trans.location'] %><\/td> <td class=\"value\"><%- data.location %><\/td> <\/tr> <% } %> <% if(data.service.indexOf('_') !== 0) { %> <tr class=\"row-service\"> <td class=\"ea-label\"><%- settings['trans.service'] %><\/td> <td class=\"value\"><%- data.service %><\/td> <\/tr> <% } %> <% if(data.worker.indexOf('_') !== 0) { %> <tr class=\"row-worker\"> <td class=\"ea-label\"><%- settings['trans.worker'] %><\/td> <td class=\"value\"><%- data.worker %><\/td> <\/tr> <% } %> <% if (settings['price.hide'] !== '1') { %> <tr class=\"row-price\"> <td class=\"ea-label\"><%- settings['trans.price'] %><\/td> <td class=\"value\"><%- data.price%> <%- settings['trans.currency'] %><\/td> <\/tr> <% } %> <tr class=\"row-datetime\"> <td class=\"ea-label\"><%- settings['trans.date-time'] %><\/td> <td class=\"value\"><%- data.date %> <%- data.time %><\/td> <\/tr> <% } else { %> <% if(data.location.indexOf('_') !== 0) { %> <tr class=\"row-location\"> <td class=\"ea-label\"><%- settings['trans.location'] %><\/td> <td class=\"value\"><%- data.location %><\/td> <\/tr> <% } %> <% if(data.service.indexOf('_') !== 0) { %> <tr class=\"row-service\"> <td class=\"ea-label\"><%- settings['trans.service'] %><\/td> <td class=\"value\"><%- data.service %><\/td> <\/tr> <% } %> <% if(data.worker.indexOf('_') !== 0) { %> <tr class=\"row-worker\"> <td class=\"ea-label\"><%- settings['trans.worker'] %><\/td> <td class=\"value\"><%- data.worker %><\/td> <\/tr> <% } %> <% if (settings['price.hide'] !== '1') { %> <tr class=\"row-price\"> <td class=\"ea-label\"><%- settings['trans.price'] %><\/td> <% if (settings['currency.before'] == '1') { %> <td class=\"value\"><%- settings['trans.currency'] %><%- data.price %><\/td> <% } else { %> <td class=\"value\"><%- data.price %><%- settings['trans.currency'] %><\/td> <% } %> <\/tr> <% } %> <tr class=\"row-datetime\"> <td class=\"ea-label\"><%- settings['trans.date-time'] %><\/td> <td class=\"value\"><%- data.date_time %><\/td> <\/tr> <% } %> <\/tbody> <\/table> <div id=\"ea-total-amount\" style=\"display: none;\" data-total=\"<%- data.price %>\"><\/div> <\/script> <script type=\"text\/javascript\"> var ea_ajaxurl = \"https:\/\/treudden.svennelid.se\/wp-admin\/admin-ajax.php\"; <\/script> <div class=\"ea-standard\"> <form> <div class=\"step\"> <div class=\"block\"><\/div> <label class=\"ea-label\">Plats<\/label><select name=\"location\" data-c=\"location\" class=\"filter\"><option value='1' selected='selected'>Treudden<\/option><\/select> <\/div> <div class=\"step\"> <div class=\"block\"><\/div> <label class=\"ea-label\">Tj\u00e4nst<\/label><select name=\"service\" data-c=\"service\" class=\"filter\" data-currency=\"SEK\"><option value='' selected='selected'>-<\/option><option data-duration='720' data-slot_step='720' value='2'>G\u00e4stl\u00e4genheten<\/option><option data-duration='240' data-slot_step='240' value='1'>Tv\u00e4ttstugan<\/option><\/select> <\/div> <div class=\"step\"> <div class=\"block\"><\/div> <label class=\"ea-label\">Utf\u00f6rare<\/label><select name=\"worker\" data-c=\"worker\" class=\"filter\"><option value='' selected='selected'>-<\/option><option value='4'>Tv\u00e4ttstuga<\/option><option value='3'>G\u00e4stl\u00e4genhet<\/option><\/select> <\/div> <div class=\"step calendar\" class=\"filter\"> <div class=\"block\"><\/div> <div class=\"date\"><\/div> <\/div> <div class=\"step\" class=\"filter\"> <div class=\"block\"><\/div> <div class=\"time\"><\/div> <\/div> <div class=\"step final\"> <div class=\"block\"><\/div> <p class=\"section\">Personlig information<\/p> <small>F\u00e4lt m\u00e4rkta med * \u00e4r obligatoriska<\/small> <br> <p><label>E-post * : <\/label><input class=\"custom-field\" type=\"text\" name=\"email\" data-rule-required=\"true\" data-msg-required=\"Detta f\u00e4lt \u00e4r obligatoriskt.\" data-msg-email=\"Ange en giltig e-postadress\" data-rule-email=\"true\" \/><\/p><p><label>Namn * : <\/label><input class=\"custom-field\" type=\"text\" name=\"name\" data-rule-required=\"true\" data-msg-required=\"Detta f\u00e4lt \u00e4r obligatoriskt.\" \/><\/p><p><label>Telefon * : <\/label><input class=\"custom-field\" type=\"text\" name=\"phone\" data-rule-required=\"true\" data-msg-required=\"Detta f\u00e4lt \u00e4r obligatoriskt.\" \/><\/p> <br> <p class=\"section\">Boknings\u00f6versikt<\/p> <div id=\"booking-overview\"><\/div> <div style=\"display: inline-flex;\"> <button class=\"ea-btn ea-submit\">Skicka<\/button> <button class=\"ea-btn ea-cancel\">Avbryt<\/button> <\/div> <\/div> <\/form> <div id=\"ea-loader\"><\/div> <\/div> \n\n\n\n<pre class=\"wp-block-preformatted\"><\/pre>\n\n\n\n<p><\/p>\n","protected":false},"excerpt":{"rendered":"<p>H\u00e4r kan du boka f\u00f6reningens tv\u00e4ttstuga och g\u00e4stl\u00e4genhet.<\/p>\n","protected":false},"author":1,"featured_media":0,"parent":0,"menu_order":0,"comment_status":"closed","ping_status":"closed","template":"","meta":{"footnotes":""},"class_list":["post-7","page","type-page","status-publish","hentry"],"_links":{"self":[{"href":"https:\/\/treudden.svennelid.se\/index.php\/wp-json\/wp\/v2\/pages\/7","targetHints":{"allow":["GET"]}}],"collection":[{"href":"https:\/\/treudden.svennelid.se\/index.php\/wp-json\/wp\/v2\/pages"}],"about":[{"href":"https:\/\/treudden.svennelid.se\/index.php\/wp-json\/wp\/v2\/types\/page"}],"author":[{"embeddable":true,"href":"https:\/\/treudden.svennelid.se\/index.php\/wp-json\/wp\/v2\/users\/1"}],"replies":[{"embeddable":true,"href":"https:\/\/treudden.svennelid.se\/index.php\/wp-json\/wp\/v2\/comments?post=7"}],"version-history":[{"count":10,"href":"https:\/\/treudden.svennelid.se\/index.php\/wp-json\/wp\/v2\/pages\/7\/revisions"}],"predecessor-version":[{"id":17,"href":"https:\/\/treudden.svennelid.se\/index.php\/wp-json\/wp\/v2\/pages\/7\/revisions\/17"}],"wp:attachment":[{"href":"https:\/\/treudden.svennelid.se\/index.php\/wp-json\/wp\/v2\/media?parent=7"}],"curies":[{"name":"wp","href":"https:\/\/api.w.org\/{rel}","templated":true}]}}